{"id":1020,"date":"2022-08-08T09:05:15","date_gmt":"2022-08-08T08:05:15","guid":{"rendered":"https:\/\/nextbeton.de\/impressum\/"},"modified":"2022-09-15T08:57:28","modified_gmt":"2022-09-15T08:57:28","slug":"mentions-legales","status":"publish","type":"page","link":"https:\/\/nextbeton.de\/fr\/mentions-legales\/","title":{"rendered":"Mentions L\u00e8gales"},"content":{"rendered":"<h3 class=\"wgt-600\">BERDING BETON GmbH<\/h3>\n<p>Industriestra\u00dfe 6<br \/>\n49439 Steinfeld<\/p>\n<p>Telefon: +49 (0)54 92 \/ 87-0<br \/>\nTelefax: +49 (0)54 92 \/ 87-95<\/p>\n<p>E-Mail:\u00a0<a href=\"mailto:info@berdingbeton.de\" data-btattached=\"true\">info@berdingbeton.de<\/a><br \/>\nInternet:\u00a0<a href=\"http:\/\/www.berdingbeton.de\/\" target=\"_blank\" rel=\"noopener\" data-btattached=\"true\">www.berdingbeton.de<\/a><\/p>\n<p><b>Gesch\u00e4ftsf\u00fchrer:<\/b><br \/>\nGeorg Berding sen.<br \/>\nGeorg Berding jun.<br \/>\nMatthias Hansen<br \/>\nGert Waltermann<\/p>\n<p>Amtsgericht Oldenburg<br \/>\nRegisternummer: HRB 110334<br \/>\nDE 811 247 624<\/p>\n<p>&nbsp;<\/p>\n<h3><strong>Finger Baustoffe GmbH<\/strong><\/h3>\n<p>Bellnh\u00e4user Stra\u00dfe 1<br \/>\n35112 Fronhausen<\/p>\n<p>Telefon: +49 6426 9230-0<\/p>\n<p>Telefax: +49 6426 9230-25 (Tiefbau)<\/p>\n<p>E-Mail:\u00a0<a href=\"mailto:info@finger-beton.de\" data-btattached=\"true\">info@finger-beton.de<\/a><\/p>\n<p>Internet:\u00a0<a href=\"https:\/\/www.finger-beton.de\/impressum\/\" data-btattached=\"true\">https:\/\/www.finger-beton.de<\/a><\/p>\n<p><strong>Gesch\u00e4ftsf\u00fchrer<\/strong><\/p>\n<p>Thilo Finger<\/p>\n<p>UST-IDNR.:\u00a0 \u00a0 \u00a0 \u00a0DE112607191<br \/>\nZollnumer:\u00a0 \u00a0 \u00a0 \u00a0 \u00a0 4448847<\/p>\n<p>&nbsp;<\/p>\n<h3><strong>Zementrohr- u. Betonwerke Karl R\u00f6ser &amp; Sohn GmbH<\/strong><\/h3>\n<p>Pleidelsheimer Stra\u00dfe 6<br \/>\n74395 Mundelsheim<\/p>\n<p>Telefon.: \u00a007143-8151-0<\/p>\n<p>info@karl-roeser.de<\/p>\n<p><strong>Gesch\u00e4ftsf\u00fchrer<\/strong><\/p>\n<p>Dipl. Kfm. G\u00fcnter R\u00f6ser<\/p>\n<p>Amtsgericht:\u00a0Stuttgart<br \/>\nHRB:\u00a0300894<br \/>\nUST-IDNR DE: 224362533<br \/>\nGerichtsstand: Besigheim<\/p>\n<h3><strong>R\u00f6ser Vertriebs GmbH<\/strong><\/h3>\n<p>Burgau 11<br \/>\n88525 D\u00fcrmentingen-Burgau<\/p>\n<p>Telefon: 07371 \/ 9597-0<\/p>\n<p><a href=\"http:\/\/roeser-gmbh.de\/Verwaltung\/index.php?index=1&amp;lng=de&amp;menuid=2\" data-btattached=\"true\"><span class=\"tycoon_ersetze_adresse\" data-value=\"vasb{ng}ebrfre-tzou.qr\">info@roeser-gmbh.de<\/span><\/a><br \/>\n<a href=\"http:\/\/roeser-gmbh.de\/Verwaltung\/index.php?index=1&amp;lng=de&amp;menuid=1\" data-btattached=\"true\">www.roeser-gmbh.de<\/a><\/p>\n<p><strong><span class=\"bold\">Gesch\u00e4ftsf\u00fchrende Gesellschafter:<\/span><\/strong><br \/>\nMA Entrepreneurial Management Carl Maximilian R\u00f6ser<br \/>\nMA Business Studies Louis R\u00f6ser<\/p>\n<p>Amtsgericht: Stuttgart<br \/>\nHRB: 748749<br \/>\nUST-IDNR DE: 294857991<\/p>\n<p>Online-Streitbeilegung gem\u00e4\u00df Art. 14 Abs. 1 ODR-VO: Die Europ\u00e4ische Kommission stellt eine Plattform zur Online-Streitbeilegung (OS) bereit. Link\u00a0<a href=\"http:\/\/ec.europa.eu\/consumers\/odr\/\" target=\"_blank\" rel=\"noopener\" data-btattached=\"true\">ec.europa.eu\/consumers\/odr\/<\/a><\/p>\n<p>Hinweis gem\u00e4\u00df Art. 36 Abs. 1 VSBG: berdingbeton.de ist grunds\u00e4tzlich nicht bereit und verpflichtet, an Streitbeilegungsverfahren vor einer Verbraucherschlichtungsstelle teilzunehmen.<\/p>\n<p><a href=\"https:\/\/www.rr-pr.com\/\" target=\"_blank\" rel=\"noopener\" data-btattached=\"true\">Beratung und Umsetzung: rheinland relations GmbH<\/a><\/p>\n<h3><\/h3>\n<h3><strong>Bildnachweise<\/strong><\/h3>\n<p><strong>Startseite:<\/strong><\/p>\n<p>\u00d6l- und Gasraffinerie: Hello my names is james,I\u2019m photographer.\u00a0<a href=\"https:\/\/www.istockphoto.com\/de\/foto\/%C3%B6l-und-gasraffinerie-der-industrie-gm1185788590-334308450?clarity=false\" target=\"_blank\" rel=\"noopener\" data-btattached=\"true\">\u00a9 iStock<\/a><\/p>\n<p>Betonrohr-Einblick: jimmyan\u00a0<a href=\"https:\/\/www.istockphoto.com\/de\/foto\/betonrohr-wasser-auf-dem-boden-gm970805704-264469658\" target=\"_blank\" rel=\"noopener\" data-btattached=\"true\">\u00a9 iStock<\/a><\/p>\n<p><strong>100 % zementfreie Betonkanalsysteme:<\/strong><\/p>\n<p>\u00d6l- und Gasraffinerie: Hello my names is james,I\u2019m photographer.\u00a0<a href=\"https:\/\/www.istockphoto.com\/de\/foto\/%C3%B6l-und-gasraffinerie-der-industrie-gm1185788590-334308450?clarity=false\" target=\"_blank\" rel=\"noopener\" data-btattached=\"true\">\u00a9 iStock<\/a><\/p>\n<p><strong>Historie:<\/strong><\/p>\n<p>\u00d6l- und Gasraffinerie: Hello my names is james,I\u2019m photographer.\u00a0<a href=\"https:\/\/www.istockphoto.com\/de\/foto\/%C3%B6l-und-gasraffinerie-der-industrie-gm1185788590-334308450?clarity=false\" target=\"_blank\" rel=\"noopener\" data-btattached=\"true\">\u00a9 iStock<\/a><\/p>\n<p><strong>Einsatzbereiche:<\/strong><\/p>\n<p>\u00d6l- und Gasraffinerie: Hello my names is james,I\u2019m photographer.\u00a0<a href=\"https:\/\/www.istockphoto.com\/de\/foto\/%C3%B6l-und-gasraffinerie-der-industrie-gm1185788590-334308450?clarity=false\" target=\"_blank\" rel=\"noopener\" data-btattached=\"true\">\u00a9 iStock<\/a><\/p>\n<p><strong>XA3-Kompetenz:<\/strong><\/p>\n<p>Headerbild \u201eAbfluss\u201c: jirapongb\u00a0<a href=\"https:\/\/www.istockphoto.com\/de\/foto\/umweltverschmutzung-abfluss-flie%C3%9Fender-bach-auf-den-fluss-gm467163060-60194868?clarity=false\" target=\"_blank\" rel=\"noopener\" data-btattached=\"true\">\u00a9 iStock<\/a><\/p>\n<p>\u00d6l- und Gasraffinerie: Hello my names is james,I\u2019m photographer.\u00a0<a href=\"https:\/\/www.istockphoto.com\/de\/foto\/%C3%B6l-und-gasraffinerie-der-industrie-gm1185788590-334308450?clarity=false\" target=\"_blank\" rel=\"noopener\" data-btattached=\"true\">\u00a9 iStock<\/a><\/p>\n","protected":false},"excerpt":{"rendered":"<p>BERDING BETON GmbH Industriestra\u00dfe 6 49439 Steinfeld Telefon: +49 (0)54 92 \/ 87-0 Telefax: +49 (0)54 92 \/ 87-95 E-Mail:\u00a0info@berdingbeton.de Internet:\u00a0www.berdingbeton.de Gesch\u00e4ftsf\u00fchrer: Georg Berding sen. Georg Berding jun. Matthias Hansen Gert Waltermann Amtsgericht Oldenburg Registernummer: HRB 110334 DE 811 247 624 &nbsp; Finger Baustoffe GmbH Bellnh\u00e4user Stra\u00dfe 1 35112 Fronhausen Telefon: +49 6426 9230-0 Telefax: [&hellip;]<\/p>\n","protected":false},"author":1,"featured_media":0,"parent":0,"menu_order":0,"comment_status":"closed","ping_status":"closed","template":"","meta":{"_acf_changed":false,"footnotes":""},"class_list":["post-1020","page","type-page","status-publish","hentry"],"acf":[],"yoast_head":"<!-- This site is optimized with the Yoast SEO plugin v27.2 - https:\/\/yoast.com\/product\/yoast-seo-wordpress\/ -->\n<title>Mentions L\u00e8gales - next.beton<\/title>\n<meta name=\"robots\" content=\"index, follow, max-snippet:-1, max-image-preview:large, max-video-preview:-1\" \/>\n<link rel=\"canonical\" href=\"https:\/\/nextbeton.de\/fr\/mentions-legales\/\" \/>\n<meta property=\"og:locale\" content=\"fr_FR\" \/>\n<meta property=\"og:type\" content=\"article\" \/>\n<meta property=\"og:title\" content=\"Mentions L\u00e8gales - next.beton\" \/>\n<meta property=\"og:description\" content=\"BERDING BETON GmbH Industriestra\u00dfe 6 49439 Steinfeld Telefon: +49 (0)54 92 \/ 87-0 Telefax: +49 (0)54 92 \/ 87-95 E-Mail:\u00a0info@berdingbeton.de Internet:\u00a0www.berdingbeton.de Gesch\u00e4ftsf\u00fchrer: Georg Berding sen. Georg Berding jun. Matthias Hansen Gert Waltermann Amtsgericht Oldenburg Registernummer: HRB 110334 DE 811 247 624 &nbsp; Finger Baustoffe GmbH Bellnh\u00e4user Stra\u00dfe 1 35112 Fronhausen Telefon: +49 6426 9230-0 Telefax: [&hellip;]\" \/>\n<meta property=\"og:url\" content=\"https:\/\/nextbeton.de\/fr\/mentions-legales\/\" \/>\n<meta property=\"og:site_name\" content=\"next.beton\" \/>\n<meta property=\"article:modified_time\" content=\"2022-09-15T08:57:28+00:00\" \/>\n<meta name=\"twitter:card\" content=\"summary_large_image\" \/>\n<meta name=\"twitter:label1\" content=\"Dur\u00e9e de lecture estim\u00e9e\" \/>\n\t<meta name=\"twitter:data1\" content=\"2 minutes\" \/>\n<script type=\"application\/ld+json\" class=\"yoast-schema-graph\">{\"@context\":\"https:\/\/schema.org\",\"@graph\":[{\"@type\":\"WebPage\",\"@id\":\"https:\/\/nextbeton.de\/fr\/mentions-legales\/\",\"url\":\"https:\/\/nextbeton.de\/fr\/mentions-legales\/\",\"name\":\"Mentions L\u00e8gales - next.beton\",\"isPartOf\":{\"@id\":\"https:\/\/nextbeton.de\/fr\/#website\"},\"datePublished\":\"2022-08-08T08:05:15+00:00\",\"dateModified\":\"2022-09-15T08:57:28+00:00\",\"breadcrumb\":{\"@id\":\"https:\/\/nextbeton.de\/fr\/mentions-legales\/#breadcrumb\"},\"inLanguage\":\"fr-FR\",\"potentialAction\":[{\"@type\":\"ReadAction\",\"target\":[\"https:\/\/nextbeton.de\/fr\/mentions-legales\/\"]}]},{\"@type\":\"BreadcrumbList\",\"@id\":\"https:\/\/nextbeton.de\/fr\/mentions-legales\/#breadcrumb\",\"itemListElement\":[{\"@type\":\"ListItem\",\"position\":1,\"name\":\"Home\",\"item\":\"https:\/\/nextbeton.de\/fr\/\"},{\"@type\":\"ListItem\",\"position\":2,\"name\":\"Mentions L\u00e8gales\"}]},{\"@type\":\"WebSite\",\"@id\":\"https:\/\/nextbeton.de\/fr\/#website\",\"url\":\"https:\/\/nextbeton.de\/fr\/\",\"name\":\"next.beton\",\"description\":\"\",\"potentialAction\":[{\"@type\":\"SearchAction\",\"target\":{\"@type\":\"EntryPoint\",\"urlTemplate\":\"https:\/\/nextbeton.de\/fr\/?s={search_term_string}\"},\"query-input\":{\"@type\":\"PropertyValueSpecification\",\"valueRequired\":true,\"valueName\":\"search_term_string\"}}],\"inLanguage\":\"fr-FR\"}]}<\/script>\n<!-- \/ Yoast SEO plugin. -->","yoast_head_json":{"title":"Mentions L\u00e8gales - next.beton","robots":{"index":"index","follow":"follow","max-snippet":"max-snippet:-1","max-image-preview":"max-image-preview:large","max-video-preview":"max-video-preview:-1"},"canonical":"https:\/\/nextbeton.de\/fr\/mentions-legales\/","og_locale":"fr_FR","og_type":"article","og_title":"Mentions L\u00e8gales - next.beton","og_description":"BERDING BETON GmbH Industriestra\u00dfe 6 49439 Steinfeld Telefon: +49 (0)54 92 \/ 87-0 Telefax: +49 (0)54 92 \/ 87-95 E-Mail:\u00a0info@berdingbeton.de Internet:\u00a0www.berdingbeton.de Gesch\u00e4ftsf\u00fchrer: Georg Berding sen. Georg Berding jun. Matthias Hansen Gert Waltermann Amtsgericht Oldenburg Registernummer: HRB 110334 DE 811 247 624 &nbsp; Finger Baustoffe GmbH Bellnh\u00e4user Stra\u00dfe 1 35112 Fronhausen Telefon: +49 6426 9230-0 Telefax: [&hellip;]","og_url":"https:\/\/nextbeton.de\/fr\/mentions-legales\/","og_site_name":"next.beton","article_modified_time":"2022-09-15T08:57:28+00:00","twitter_card":"summary_large_image","twitter_misc":{"Dur\u00e9e de lecture estim\u00e9e":"2 minutes"},"schema":{"@context":"https:\/\/schema.org","@graph":[{"@type":"WebPage","@id":"https:\/\/nextbeton.de\/fr\/mentions-legales\/","url":"https:\/\/nextbeton.de\/fr\/mentions-legales\/","name":"Mentions L\u00e8gales - next.beton","isPartOf":{"@id":"https:\/\/nextbeton.de\/fr\/#website"},"datePublished":"2022-08-08T08:05:15+00:00","dateModified":"2022-09-15T08:57:28+00:00","breadcrumb":{"@id":"https:\/\/nextbeton.de\/fr\/mentions-legales\/#breadcrumb"},"inLanguage":"fr-FR","potentialAction":[{"@type":"ReadAction","target":["https:\/\/nextbeton.de\/fr\/mentions-legales\/"]}]},{"@type":"BreadcrumbList","@id":"https:\/\/nextbeton.de\/fr\/mentions-legales\/#breadcrumb","itemListElement":[{"@type":"ListItem","position":1,"name":"Home","item":"https:\/\/nextbeton.de\/fr\/"},{"@type":"ListItem","position":2,"name":"Mentions L\u00e8gales"}]},{"@type":"WebSite","@id":"https:\/\/nextbeton.de\/fr\/#website","url":"https:\/\/nextbeton.de\/fr\/","name":"next.beton","description":"","potentialAction":[{"@type":"SearchAction","target":{"@type":"EntryPoint","urlTemplate":"https:\/\/nextbeton.de\/fr\/?s={search_term_string}"},"query-input":{"@type":"PropertyValueSpecification","valueRequired":true,"valueName":"search_term_string"}}],"inLanguage":"fr-FR"}]}},"_links":{"self":[{"href":"https:\/\/nextbeton.de\/fr\/wp-json\/wp\/v2\/pages\/1020","targetHints":{"allow":["GET"]}}],"collection":[{"href":"https:\/\/nextbeton.de\/fr\/wp-json\/wp\/v2\/pages"}],"about":[{"href":"https:\/\/nextbeton.de\/fr\/wp-json\/wp\/v2\/types\/page"}],"author":[{"embeddable":true,"href":"https:\/\/nextbeton.de\/fr\/wp-json\/wp\/v2\/users\/1"}],"replies":[{"embeddable":true,"href":"https:\/\/nextbeton.de\/fr\/wp-json\/wp\/v2\/comments?post=1020"}],"version-history":[{"count":3,"href":"https:\/\/nextbeton.de\/fr\/wp-json\/wp\/v2\/pages\/1020\/revisions"}],"predecessor-version":[{"id":1060,"href":"https:\/\/nextbeton.de\/fr\/wp-json\/wp\/v2\/pages\/1020\/revisions\/1060"}],"wp:attachment":[{"href":"https:\/\/nextbeton.de\/fr\/wp-json\/wp\/v2\/media?parent=1020"}],"curies":[{"name":"wp","href":"https:\/\/api.w.org\/{rel}","templated":true}]}}