{"id":987,"date":"2022-08-08T08:23:27","date_gmt":"2022-08-08T07:23:27","guid":{"rendered":"https:\/\/nextbeton.de\/datenschutz\/"},"modified":"2022-09-15T07:29:33","modified_gmt":"2022-09-15T07:29:33","slug":"data-protection","status":"publish","type":"page","link":"https:\/\/nextbeton.de\/en\/data-protection\/","title":{"rendered":"Data Protection"},"content":{"rendered":"<h2>1. SCHUTZRECHTE<\/h2>\n<p>Alle Rechte an dieser Website und deren Inhalt geh\u00f6ren der BERDING BETON GmbH oder Dritten. Sie d\u00fcrfen diese Website zu Ihrem pers\u00f6nlichen, nicht-kommerziellen Gebrauch ansehen. Jede andere Nutzung, die \u00fcber das Ansehen, Herunterladen, Ausdrucken von Ausz\u00fcgen der Website zu pers\u00f6nlichen, nicht-kommerziellen Zwecken hinausgeht, ist nicht erlaubt. Marken, einschlie\u00dflich Logos, Slogans und Produktnamen sind eingetragene oder nicht eingetragene Marken, die BERDING BETON GmbH geh\u00f6ren. Lizenzen, gleich welcher Art, werden nicht erteilt.<\/p>\n<h2>2. VERVIELF\u00c4LTIGUNGEN<\/h2>\n<p>Vervielf\u00e4ltigungen dieser Website oder von Teilen dieser Website sind nur zu pers\u00f6nlichen, nicht-kommerziellen Zwecken erlaubt, wenn Sie die BERDING BETON GmbH als Quelle angeben. Deshalb sind Vervielf\u00e4ltigungen, ganz gleich ob diese in Papierform, in digitaler Form oder in sonstiger Form erfolgen, mit folgenden Hinweisen zu versehen:<br \/>\nQuelle:\u00a0<a href=\"http:\/\/www.berdingbeton.de\/\" target=\"_top\" rel=\"noopener\" data-btattached=\"true\">www.berdingbeton.de<\/a>\u00a0und \u201d\u00a9 BERDING BETON GmbH\u201d.<\/p>\n<h2>3. VERKN\u00dcPFUNGEN<\/h2>\n<p>Ohne ausdr\u00fcckliche schriftliche Genehmigung durch die BERDING BETON GmbH ist es Ihnen nicht gestattet, Ver\u00e4nderungen an dieser Website und\/oder deren Inhalt vorzunehmen, insbesondere ist es Ihnen nicht gestattet, durch einen Rahmen, einen Link oder in anderer Weise eine Verkn\u00fcpfung herzustellen. Etwaige vorhandene Links auf dieser Website sind ausschlie\u00dflich zu Ihrer Bequemlichkeit eingerichtet. Bitte beachten Sie, dass Sie bei Nutzung dieser Links die Website der BERDING BETON GmbH verlassen. Entsprechend hat die BERDING BETON GmbH keinerlei Einfluss auf den Inhalt der \u00fcber den Link ge\u00f6ffneten Website und \u00fcbernimmt keinerlei Haftung f\u00fcr Sch\u00e4den, die durch das \u00d6ffnen und Ansehen dieser Websites oder durch das Herunterladen oder eine sonstige Nutzung des Inhalts entstehen. Sofern Links von der Website eines Dritten auf die Website der BERDING BETON GmbH f\u00fchren, bedeutet dies nicht, dass die BERDING BETON GmbH dem Inhalt der Website eines Dritten zugestimmt hat oder f\u00fcr diesen verantwortlich ist.<\/p>\n<h2>4. VOLLST\u00c4NDIGKEIT<\/h2>\n<p>Die BERDING BETON GmbH verwendet gr\u00f6\u00dftm\u00f6gliche Sorgfalt darauf, die Richtigkeit, Vollst\u00e4ndigkeit und Aktualit\u00e4t der in der Website enthaltenden Informationen sicherzustellen. Dennoch empfiehlt die BERDING BETON GmbH die Richtigkeit der Informationen zu pr\u00fcfen, bevor Sie diese verwenden. Die BERDING BETON GmbH \u00fcbernimmt keine Haftung f\u00fcr den Inhalt dieser Website noch f\u00fcr Sch\u00e4den, die durch die Ansicht, das Herunterladen oder die Nutzung dieser Webseite entstehen.<\/p>\n<h2>5. RECHTSWAHL<\/h2>\n<p>F\u00fcr etwaige Rechtsstreitigkeiten, die aufgrund der Nutzung der Website und\/oder deren Funktionen entstehen, gilt das Recht der Bundesrepublik Deutschland.<\/p>\n<h2>6. SPEICHERUNG VON PERSONENBEZOGENEN DATEN<\/h2>\n<p>F\u00fcr die Bestellung von Brosch\u00fcren oder zur Beantwortung von Anfragen bzw. die Aufnahme in unseren Presseverteiler ist es erforderlich, dass Sie uns die in der Website geforderten pers\u00f6nlichen Angaben \u00fcbermitteln. Die BERDING BETON GmbH speichert diese Daten, um Ihre Anfrage bearbeiten zu k\u00f6nnen. Die BERDING BETON GmbH wird diese Daten vertraulich verwenden und sie Dritten nur insoweit zug\u00e4nglich machen, als dies f\u00fcr die Umsetzung der vorgenannten Zwecke unbedingt erforderlich ist.<\/p>\n<p>Auch wenn Sie uns keine personenbezogenen Daten zur Verf\u00fcgung gestellt haben, werden von unserem Internetserviceprovider bei Ihrem Besuch in sogenannten Logfiles Daten gesammelt. Dabei erhalten wir den Namen Ihres Internetserviceproviders, Ihre IP-Adresse, die Internetseite, von der Sie auf unsere Internetseite gekommen sind, die Internetseiten, die Sie bei uns besuchen und Datum, Uhrzeit und Dauer Ihres Besuches. Diese Daten dienen ausschlie\u00dflich statistischen Zwecken. Ein Personenbezug wird von uns nicht hergestellt.<\/p>\n<p>Wir verwenden Cookies, mit denen w\u00e4hrend Ihres Besuches auf unserer Internetseite Daten auf Ihrem Rechner gespeichert werden. Dadurch k\u00f6nnen Sie komfortabler durch unsere Seiten surfen. Falls Sie dies nicht m\u00f6chten, k\u00f6nnen Sie sich davor durch entsprechende Einstellungen in Ihrem Internetbrowser sch\u00fctzen.<\/p>\n<p>Entsprechend dem geltenden Datenschutzrecht teilen wir Ihnen auf Anfrage gerne mit, ob und welche pers\u00f6nlichen Daten wir \u00fcber Sie bei uns gespeichert haben. Wenden Sie sich daf\u00fcr bitte direkt an unseren Datenschutzbeauftragten.<\/p>\n<h2>7. NEWSLETTER<\/h2>\n<p>Wenn Sie den auf der Webseite angebotenen Newsletter beziehen m\u00f6chten, ben\u00f6tigen wir von Ihnen eine E-Mail-Adresse sowie Informationen, welche uns die \u00dcberpr\u00fcfung gestatten, dass Sie der Inhaber der angegebenen E-Mail-Adresse und mit dem Empfang des Newsletters einverstanden sind.<\/p>\n<p>Zur Gew\u00e4hrleistung einer einverst\u00e4ndlichen Newsletter-Versendung nutzen wir das sogenannte Double-Opt-in-Verfahren. Im Zuge dessen l\u00e4sst sich der potentielle Empf\u00e4nger in einen Verteiler aufnehmen. Anschlie\u00dfend erh\u00e4lt der Nutzer durch eine Best\u00e4tigungs-E-Mail die M\u00f6glichkeit, die Anmeldung rechtssicher zu best\u00e4tigen. Nur wenn die Best\u00e4tigung erfolgt, wird die Adresse aktiv in den Verteiler aufgenommen.<\/p>\n<p>Diese Daten verwenden wir ausschlie\u00dflich f\u00fcr den Versand der angeforderten Informationen und Angebote.<\/p>\n<p>Als Newsletter Software wird Newsletter2Go verwendet. Ihre Daten werden dabei an die Newsletter2Go GmbH \u00fcbermittelt. Newsletter2Go ist es dabei untersagt, Ihre Daten zu verkaufen und f\u00fcr andere Zwecke, als f\u00fcr den Versand unserer Newslettern zu nutzen. Newsletter2Go ist ein deutscher, zertifizierter Anbieter, welcher nach den Anforderungen der Datenschutz-Grundverordnung und des Bundesdatenschutzgesetzes ausgew\u00e4hlt wurde.<\/p>\n<h2>8. BEWERBUNGEN<\/h2>\n<p>Ferner k\u00f6nnen Sie sich auch \u00fcber unseren Internetauftritt bei uns bewerben. Diese Daten werden von uns f\u00fcr diesen Zweck von uns verarbeitet und ausgewertet. Nach Ablauf des Bewerbungsverfahrens werden Ihre Daten gel\u00f6scht oder bei einer Einstellung in Ihre Personalakte \u00fcbernommen.<\/p>\n<h2>9. LINKS ZU ANDEREN UNTERNEHMEN<\/h2>\n<p>Auf unserer Internetseite verwenden wir Links zu anderen Unternehmen. Wenn Sie diese anklicken, verlassen Sie unsere Internetseite und sind dann auf der Internetseite der anderen Unternehmen. Die Bedingungen dazu k\u00f6nnen sie den Datenschutzerkl\u00e4rungen der angeklickten Unternehmen entnehmen. F\u00fcr deren Inhalte und deren Umgang mit Daten sind wir nicht verantwortlich.<\/p>\n<h2>10. EINSATZ VON BUTTONS MIT LINKS ZU SOZIALEN NETZWERKEN<\/h2>\n<p>Auf unserer Internetseite setzen wir Buttons mit Links zu unseren Auftritten bei Facebook, Google+, Twitter und Xing ein. Durch diese Buttons werden keine Daten zu den genannten sozialen Netzwerken \u00fcbertragen. Erst wenn Sie die Buttons bet\u00e4tigen, verlassen Sie unsere Internetseiten und werden zu unseren Auftritten in den angeklickten, sozialen Netzwerken umgeleitet. Sie befinden sich dann nicht mehr auf unseren Internetseiten, sondern auf den Internetseiten der angeklickten, sozialen Netzwerke. Dort werden je nach Ihren Einstellungen in Ihrem Browser oder in dem sozialen Netzwerk personenbezogene Daten \u00fcber Sie gesammelt. Die Bedingungen dazu k\u00f6nnen sie den Datenschutzerkl\u00e4rungen der angeklickten, sozialen Netzwerke entnehmen, f\u00fcr die wir keine Verantwortung \u00fcbernehmen k\u00f6nnen.<\/p>\n<p>Auf \u201eGef\u00e4llt-mir-Buttons\u201c von Facebook haben wir auf unseren Internetseiten verzichtet, da diese bereits Daten \u00fcber Sie sammeln w\u00fcrden, wenn Sie diese Buttons noch gar nicht angeklickt haben. Falls Sie uns \u00fcber diese Technik Ihre Sympathie bekunden m\u00f6chten, freuen wir uns dar\u00fcber. Dazu bet\u00e4tigen Sie dann einfach unseren Button mit dem Link zu Facebook. Auf unserer Facebook-Fan-Seite finden Sie dann einen \u201eGef\u00e4llt-mir-Button\u201c.<\/p>\n<p>Wir verzichten aus datenschutzrechtlichen Gr\u00fcnden auf die Integration von Social Media Scripts, da die sozialen Dienste Tracking-Methoden im Hintergrund verwenden. Wir freuen uns nat\u00fcrlich, wenn Ihnen unsere Beitr\u00e4ge in unserem Blog gefallen und Sie diese in den sozialen Medien teilen m\u00f6chten. Daf\u00fcr haben wir nach den Beitr\u00e4gen Teilen-Buttons f\u00fcr Twitter, Facebook und Google+ eingef\u00fcgt. Wenn Sie die Buttons bet\u00e4tigen erhalten Sie einen Hinweis, dass die sozialen Medien Analyse-Scripts im Hintergrund laden, um das Nutzerverhalten zu erfassen. Erst wenn Sie dem zustimmen, werden entsprechende Skripte hochgeladen und der Betrag geteilt.<\/p>\n<h2>11. AUFTRITTE IN SOZIALEN NETZWERKEN<\/h2>\n<p>In den sozialen Netzwerken sind wir bei Facebook, Twitter und YouTube vertreten.<\/p>\n<p>In unseren Auftritten in den sozialen Netzwerken k\u00f6nnen Sie personenbezogene Daten eingeben. Diese Daten werden nur bearbeitet, wenn dies zu Bearbeitung oder Kommentierung Ihres Beitrages erforderlich ist.<\/p>\n<p>Wenn Sie unsere Auftritte in den sozialen Netzwerken besuchen, befinden Sie sich nicht auf unseren Internetseiten, sondern auf den Internetseiten der jeweiligen sozialen Netzwerke.<\/p>\n<p>Dort werden je nach Ihren Einstellungen in Ihrem Browser oder in dem sozialen Netzwerk personenbezogene Daten \u00fcber Sie gesammelt. Die Bedingungen dazu k\u00f6nnen Sie den Datenschutzerkl\u00e4rungen der jeweiligen sozialen Netzwerke entnehmen, auf die wir keinen Einfluss haben, und f\u00fcr die wir keine Verantwortung \u00fcbernehmen k\u00f6nnen.<\/p>\n<h2>12. RECHTSGRUNDLAGEN<\/h2>\n<p>Rechtsgrundlage f\u00fcr die Datenverarbeitung auf dieser Internetseite ist die EU-Datenschutz-Grundverordnung insbesondere der Art. 6 Abs I. Die Daten werden nur so lange gespeichert, wie dies f\u00fcr die oben genannten Zwecke erforderlich ist oder gesetzliche Vorgaben dies fordern.<\/p>\n<h2>13. RECHTE BETROFFENER<\/h2>\n<p>Sie haben gem. Art.12 ff\u00a0 DSGVO ein Recht auf Auskunft, Berichtigung, L\u00f6schung, Einschr\u00e4nkung der Verarbeitung, Daten\u00fcbertragbarkeit und Widerspruch. N\u00e4heres regeln die Art. 12 ff der DSGVO.<\/p>\n<h2>14. ANFRAGEN<\/h2>\n<p>Aufsichtsbeh\u00f6rden sind die Landesbeauftragten f\u00fcr Datenschutz. Dort k\u00f6nnen Sie sich \u00fcber uns beschweren, wenn Sie bei uns Unregelm\u00e4\u00dfigkeiten im Datenschutz vermuten. Sie k\u00f6nnen sich aber auch direkt an unseren externen Datenschutzbeauftragten wenden.<\/p>\n<p>Entsprechend dem geltenden Datenschutzrecht teilen wir Ihnen auf Anfrage gerne mit, ob und welche pers\u00f6nlichen Daten wir \u00fcber Sie bei uns gespeichert haben. Wenden Sie sich daf\u00fcr bitte direkt an unseren Datenschutzbeauftragten.<\/p>\n<h2>15. ANALYSEDIENST<\/h2>\n<p>Aufgrund der aktuellen Diskussion rund um das Thema Datenschutz haben wir uns entschlossen, unsere Website mit dem datenschutzzertifizierten Analysedienst Matomo auszuwerten.<\/p>\n<p>F\u00fcr diese Auswertung verwendet Matomo sog. \u201eCookies\u201c, Textdateien, die auf Ihrem Computer gespeichert werden und die unsererseits eine Analyse der Benutzung der Website erm\u00f6glichen. Zu diesem Zweck werden die durch den Cookie erzeugten Nutzungsinformationen (einschlie\u00dflich Ihrer gek\u00fcrzten IP-Adresse) an unseren Server \u00fcbertragen und gespeichert. Ihre IP-Adresse wird bei diesem Vorgang umgehend anonymisiert, so dass Ihre Nutzerdaten in jedem Fall gesch\u00fctzt bleiben. Die durch den Cookie erzeugten Informationen \u00fcber Ihre Benutzung dieser Webseite werden nicht an Dritte weitergegeben.<\/p>\n<p>Sie k\u00f6nnen die Verwendung der Cookies durch eine entsprechende Einstellung Ihrer Browser Software verhindern, es kann jedoch sein, dass Sie in diesem Fall gegebenenfalls nicht alle Funktionen dieser Website voll umf\u00e4nglich nutzen k\u00f6nnen.<\/p>\n<h2>DATENSCHUTZBEAUFTRAGTER<\/h2>\n<p>Dipl.-Ing. Dipl.-Kfm. Dietmar Niehaus<\/p>\n<p><strong>IDD GmbH \u2013 Institut f\u00fcr Datenschutz und Datensicherheit<\/strong><br \/>\nAnne-Conway-Str. 1<br \/>\n28359 Bremen<\/p>\n<p>Tel.: 04 21 \/ 59 86 350<br \/>\nE-Mail:\u00a0<a title=\"Opens window for sending email\" data-btattached=\"true\">niehaus@bestcarrier.de<\/a><\/p>\n","protected":false},"excerpt":{"rendered":"<p>1. SCHUTZRECHTE Alle Rechte an dieser Website und deren Inhalt geh\u00f6ren der BERDING BETON GmbH oder Dritten. Sie d\u00fcrfen diese Website zu Ihrem pers\u00f6nlichen, nicht-kommerziellen Gebrauch ansehen. Jede andere Nutzung, die \u00fcber das Ansehen, Herunterladen, Ausdrucken von Ausz\u00fcgen der Website zu pers\u00f6nlichen, nicht-kommerziellen Zwecken hinausgeht, ist nicht erlaubt. Marken, einschlie\u00dflich Logos, Slogans und Produktnamen sind [&hellip;]<\/p>\n","protected":false},"author":1,"featured_media":0,"parent":0,"menu_order":0,"comment_status":"closed","ping_status":"closed","template":"","meta":{"_acf_changed":false,"footnotes":""},"class_list":["post-987","page","type-page","status-publish","hentry"],"acf":[],"yoast_head":"<!-- This site is optimized with the Yoast SEO plugin v27.4 - https:\/\/yoast.com\/product\/yoast-seo-wordpress\/ -->\n<title>Data Protection - next.beton<\/title>\n<meta name=\"robots\" content=\"index, follow, max-snippet:-1, max-image-preview:large, max-video-preview:-1\" \/>\n<link rel=\"canonical\" href=\"https:\/\/nextbeton.de\/en\/data-protection\/\" \/>\n<meta property=\"og:locale\" content=\"en_US\" \/>\n<meta property=\"og:type\" content=\"article\" \/>\n<meta property=\"og:title\" content=\"Data Protection - next.beton\" \/>\n<meta property=\"og:description\" content=\"1. SCHUTZRECHTE Alle Rechte an dieser Website und deren Inhalt geh\u00f6ren der BERDING BETON GmbH oder Dritten. Sie d\u00fcrfen diese Website zu Ihrem pers\u00f6nlichen, nicht-kommerziellen Gebrauch ansehen. Jede andere Nutzung, die \u00fcber das Ansehen, Herunterladen, Ausdrucken von Ausz\u00fcgen der Website zu pers\u00f6nlichen, nicht-kommerziellen Zwecken hinausgeht, ist nicht erlaubt. Marken, einschlie\u00dflich Logos, Slogans und Produktnamen sind [&hellip;]\" \/>\n<meta property=\"og:url\" content=\"https:\/\/nextbeton.de\/en\/data-protection\/\" \/>\n<meta property=\"og:site_name\" content=\"next.beton\" \/>\n<meta property=\"article:modified_time\" content=\"2022-09-15T07:29:33+00:00\" \/>\n<meta name=\"twitter:card\" content=\"summary_large_image\" \/>\n<meta name=\"twitter:label1\" content=\"Est. reading time\" \/>\n\t<meta name=\"twitter:data1\" content=\"9 minutes\" \/>\n<script type=\"application\/ld+json\" class=\"yoast-schema-graph\">{\"@context\":\"https:\\\/\\\/schema.org\",\"@graph\":[{\"@type\":\"WebPage\",\"@id\":\"https:\\\/\\\/nextbeton.de\\\/en\\\/data-protection\\\/\",\"url\":\"https:\\\/\\\/nextbeton.de\\\/en\\\/data-protection\\\/\",\"name\":\"Data Protection - next.beton\",\"isPartOf\":{\"@id\":\"https:\\\/\\\/nextbeton.de\\\/en\\\/#website\"},\"datePublished\":\"2022-08-08T07:23:27+00:00\",\"dateModified\":\"2022-09-15T07:29:33+00:00\",\"breadcrumb\":{\"@id\":\"https:\\\/\\\/nextbeton.de\\\/en\\\/data-protection\\\/#breadcrumb\"},\"inLanguage\":\"en-US\",\"potentialAction\":[{\"@type\":\"ReadAction\",\"target\":[\"https:\\\/\\\/nextbeton.de\\\/en\\\/data-protection\\\/\"]}]},{\"@type\":\"BreadcrumbList\",\"@id\":\"https:\\\/\\\/nextbeton.de\\\/en\\\/data-protection\\\/#breadcrumb\",\"itemListElement\":[{\"@type\":\"ListItem\",\"position\":1,\"name\":\"Home\",\"item\":\"https:\\\/\\\/nextbeton.de\\\/en\\\/\"},{\"@type\":\"ListItem\",\"position\":2,\"name\":\"Data Protection\"}]},{\"@type\":\"WebSite\",\"@id\":\"https:\\\/\\\/nextbeton.de\\\/en\\\/#website\",\"url\":\"https:\\\/\\\/nextbeton.de\\\/en\\\/\",\"name\":\"next.beton\",\"description\":\"\",\"potentialAction\":[{\"@type\":\"SearchAction\",\"target\":{\"@type\":\"EntryPoint\",\"urlTemplate\":\"https:\\\/\\\/nextbeton.de\\\/en\\\/?s={search_term_string}\"},\"query-input\":{\"@type\":\"PropertyValueSpecification\",\"valueRequired\":true,\"valueName\":\"search_term_string\"}}],\"inLanguage\":\"en-US\"}]}<\/script>\n<!-- \/ Yoast SEO plugin. -->","yoast_head_json":{"title":"Data Protection - next.beton","robots":{"index":"index","follow":"follow","max-snippet":"max-snippet:-1","max-image-preview":"max-image-preview:large","max-video-preview":"max-video-preview:-1"},"canonical":"https:\/\/nextbeton.de\/en\/data-protection\/","og_locale":"en_US","og_type":"article","og_title":"Data Protection - next.beton","og_description":"1. SCHUTZRECHTE Alle Rechte an dieser Website und deren Inhalt geh\u00f6ren der BERDING BETON GmbH oder Dritten. Sie d\u00fcrfen diese Website zu Ihrem pers\u00f6nlichen, nicht-kommerziellen Gebrauch ansehen. Jede andere Nutzung, die \u00fcber das Ansehen, Herunterladen, Ausdrucken von Ausz\u00fcgen der Website zu pers\u00f6nlichen, nicht-kommerziellen Zwecken hinausgeht, ist nicht erlaubt. Marken, einschlie\u00dflich Logos, Slogans und Produktnamen sind [&hellip;]","og_url":"https:\/\/nextbeton.de\/en\/data-protection\/","og_site_name":"next.beton","article_modified_time":"2022-09-15T07:29:33+00:00","twitter_card":"summary_large_image","twitter_misc":{"Est. reading time":"9 minutes"},"schema":{"@context":"https:\/\/schema.org","@graph":[{"@type":"WebPage","@id":"https:\/\/nextbeton.de\/en\/data-protection\/","url":"https:\/\/nextbeton.de\/en\/data-protection\/","name":"Data Protection - next.beton","isPartOf":{"@id":"https:\/\/nextbeton.de\/en\/#website"},"datePublished":"2022-08-08T07:23:27+00:00","dateModified":"2022-09-15T07:29:33+00:00","breadcrumb":{"@id":"https:\/\/nextbeton.de\/en\/data-protection\/#breadcrumb"},"inLanguage":"en-US","potentialAction":[{"@type":"ReadAction","target":["https:\/\/nextbeton.de\/en\/data-protection\/"]}]},{"@type":"BreadcrumbList","@id":"https:\/\/nextbeton.de\/en\/data-protection\/#breadcrumb","itemListElement":[{"@type":"ListItem","position":1,"name":"Home","item":"https:\/\/nextbeton.de\/en\/"},{"@type":"ListItem","position":2,"name":"Data Protection"}]},{"@type":"WebSite","@id":"https:\/\/nextbeton.de\/en\/#website","url":"https:\/\/nextbeton.de\/en\/","name":"next.beton","description":"","potentialAction":[{"@type":"SearchAction","target":{"@type":"EntryPoint","urlTemplate":"https:\/\/nextbeton.de\/en\/?s={search_term_string}"},"query-input":{"@type":"PropertyValueSpecification","valueRequired":true,"valueName":"search_term_string"}}],"inLanguage":"en-US"}]}},"_links":{"self":[{"href":"https:\/\/nextbeton.de\/en\/wp-json\/wp\/v2\/pages\/987","targetHints":{"allow":["GET"]}}],"collection":[{"href":"https:\/\/nextbeton.de\/en\/wp-json\/wp\/v2\/pages"}],"about":[{"href":"https:\/\/nextbeton.de\/en\/wp-json\/wp\/v2\/types\/page"}],"author":[{"embeddable":true,"href":"https:\/\/nextbeton.de\/en\/wp-json\/wp\/v2\/users\/1"}],"replies":[{"embeddable":true,"href":"https:\/\/nextbeton.de\/en\/wp-json\/wp\/v2\/comments?post=987"}],"version-history":[{"count":5,"href":"https:\/\/nextbeton.de\/en\/wp-json\/wp\/v2\/pages\/987\/revisions"}],"predecessor-version":[{"id":1038,"href":"https:\/\/nextbeton.de\/en\/wp-json\/wp\/v2\/pages\/987\/revisions\/1038"}],"wp:attachment":[{"href":"https:\/\/nextbeton.de\/en\/wp-json\/wp\/v2\/media?parent=987"}],"curies":[{"name":"wp","href":"https:\/\/api.w.org\/{rel}","templated":true}]}}